{"id":208,"date":"2013-09-01T20:37:04","date_gmt":"2013-09-01T18:37:04","guid":{"rendered":"http:\/\/www.pulseberlin.de\/?page_id=208"},"modified":"2021-03-08T11:28:08","modified_gmt":"2021-03-08T09:28:08","slug":"grietje-staffelt","status":"publish","type":"page","link":"https:\/\/www.staffelt.de\/?page_id=208","title":{"rendered":"GRIETJE STAFFELT &#8211; LEBENSLAUF"},"content":{"rendered":"<p><span style=\"color: #003366;\"><strong>BERATUNG &amp; COACHING IN BERLIN\u00a0 \u00a0 \u00a0 \u00a0 \u00a0 \u00a0 \u00a0 \u00a0 \u00a0 \u00a0 \u00a0<\/strong><\/span><a href=\"http:\/\/www.staffelt.de\/wp-content\/uploads\/grietje_004_b.jpg\"><img loading=\"lazy\" class=\"alignnone wp-image-119 size-full\" src=\"http:\/\/www.staffelt.de\/wp-content\/uploads\/grietje_004_b.jpg\" alt=\"\" width=\"200\" height=\"165\" srcset=\"https:\/\/www.staffelt.de\/wp-content\/uploads\/grietje_004_b.jpg 200w, https:\/\/www.staffelt.de\/wp-content\/uploads\/grietje_004_b-180x148.jpg 180w, https:\/\/www.staffelt.de\/wp-content\/uploads\/grietje_004_b-176x146.jpg 176w, https:\/\/www.staffelt.de\/wp-content\/uploads\/grietje_004_b-128x106.jpg 128w\" sizes=\"(max-width: 200px) 100vw, 200px\" \/><\/a><\/p>\n<p>Als Diplom-P\u00e4dagogin mit dem Studienschwerpunkt Erwachsenenbildung und ausgebildeter systemischer Coach mit umfassenden Erfahrungen aus dem Politikgesch\u00e4ft arbeite ich seit vielen Jahren in den Bereichen der strategischen Beratung, als Trainerin und als systemischer Coach f\u00fcr Unternehmen, Verb\u00e4nde und Politik.<\/p>\n<p>Von 2000 bis 2009 war ich Abgeordnete des Deutschen Bundestags und dort u. a. als medien \u2013 und bildungspolitische Sprecherin und Vorsitzende des Unterausschusses neue Medien t\u00e4tig. Zwei Mal durfte ich die Gr\u00fcnen Schleswig-Holstein als Spitzenkandidatin in den Bundestagswahlkampf f\u00fchren.<\/p>\n<p>Seit 2009 bin ich freiberuflich in der Beratung und als Trainerin in der Erwachsenenbildung t\u00e4tig. In dieser Zeit habe ich bei artop, einem Institut der Humboldt-Universit\u00e4t Berlin, eine Ausbildung zum systemischen Coach f\u00fcr F\u00fchrungskr\u00e4fte absolviert und bin seitdem als Coach t\u00e4tig. Von M\u00e4rz 2015 bis Dezember 2017 habe ich au\u00dferdem als Senior Consultant f\u00fcr die Kommunikationsagentur Ketchum Pleon GmbH gearbeitet und als verantwortliche Beraterin diverse nationale und internationale Kunden betreut.<\/p>\n","protected":false},"excerpt":{"rendered":"<p>BERATUNG &amp; COACHING IN BERLIN\u00a0 \u00a0 \u00a0 \u00a0 \u00a0 \u00a0 \u00a0 \u00a0 \u00a0 \u00a0 \u00a0 Als Diplom-P\u00e4dagogin mit dem Studienschwerpunkt Erwachsenenbildung und ausgebildeter systemischer Coach mit umfassenden Erfahrungen aus dem Politikgesch\u00e4ft arbeite ich seit vielen Jahren in den Bereichen der strategischen Beratung, als Trainerin und als systemischer Coach f\u00fcr Unternehmen,&#8230;<\/p>\n<p> <a class=\"continue-reading-link\" href=\"https:\/\/www.staffelt.de\/?page_id=208\"><span>Continue reading<\/span><i class=\"crycon-right-dir\"><\/i><\/a> <\/p>\n","protected":false},"author":1,"featured_media":0,"parent":0,"menu_order":0,"comment_status":"closed","ping_status":"closed","template":"","meta":[],"_links":{"self":[{"href":"https:\/\/www.staffelt.de\/index.php?rest_route=\/wp\/v2\/pages\/208"}],"collection":[{"href":"https:\/\/www.staffelt.de\/index.php?rest_route=\/wp\/v2\/pages"}],"about":[{"href":"https:\/\/www.staffelt.de\/index.php?rest_route=\/wp\/v2\/types\/page"}],"author":[{"embeddable":true,"href":"https:\/\/www.staffelt.de\/index.php?rest_route=\/wp\/v2\/users\/1"}],"replies":[{"embeddable":true,"href":"https:\/\/www.staffelt.de\/index.php?rest_route=%2Fwp%2Fv2%2Fcomments&post=208"}],"version-history":[{"count":35,"href":"https:\/\/www.staffelt.de\/index.php?rest_route=\/wp\/v2\/pages\/208\/revisions"}],"predecessor-version":[{"id":666,"href":"https:\/\/www.staffelt.de\/index.php?rest_route=\/wp\/v2\/pages\/208\/revisions\/666"}],"wp:attachment":[{"href":"https:\/\/www.staffelt.de\/index.php?rest_route=%2Fwp%2Fv2%2Fmedia&parent=208"}],"curies":[{"name":"wp","href":"https:\/\/api.w.org\/{rel}","templated":true}]}}